{"id":366,"date":"2020-05-26T17:30:22","date_gmt":"2020-05-26T14:30:22","guid":{"rendered":"http:\/\/laura.kiurut.fi\/wordpress\/?page_id=366"},"modified":"2025-01-24T14:54:51","modified_gmt":"2025-01-24T14:54:51","slug":"laura-3","status":"publish","type":"page","link":"https:\/\/laura.kiurut.fi\/laura\/?page_id=366","title":{"rendered":""},"content":{"rendered":"\n<div class=\"wp-block-group\"><div class=\"wp-block-group__inner-container is-layout-constrained wp-block-group-is-layout-constrained\">\n<div class=\"wp-block-columns is-layout-flex wp-container-core-columns-is-layout-9d6595d7 wp-block-columns-is-layout-flex\">\n<div class=\"wp-block-column is-layout-flow wp-block-column-is-layout-flow\" style=\"flex-basis:50%\">\n<div class=\"wp-block-group is-vertical is-layout-flex wp-container-core-group-is-layout-8cf370e7 wp-block-group-is-layout-flex\" style=\"font-size:0px\">\n<div class=\"wp-block-columns is-layout-flex wp-container-core-columns-is-layout-9d6595d7 wp-block-columns-is-layout-flex\">\n<div class=\"wp-block-column is-layout-flow wp-block-column-is-layout-flow\" style=\"flex-basis:100%\">\n<div class=\"wp-block-group\"><div class=\"wp-block-group__inner-container is-layout-constrained wp-block-group-is-layout-constrained\">\n<figure class=\"wp-block-image size-large\"><img loading=\"lazy\" decoding=\"async\" width=\"819\" height=\"1024\" src=\"https:\/\/laura.kiurut.fi\/laura\/wp-content\/uploads\/2025\/01\/lauran-esittely-2-1-819x1024.jpg\" alt=\"\" class=\"wp-image-1934\" srcset=\"https:\/\/laura.kiurut.fi\/laura\/wp-content\/uploads\/2025\/01\/lauran-esittely-2-1-819x1024.jpg 819w, https:\/\/laura.kiurut.fi\/laura\/wp-content\/uploads\/2025\/01\/lauran-esittely-2-1-240x300.jpg 240w, https:\/\/laura.kiurut.fi\/laura\/wp-content\/uploads\/2025\/01\/lauran-esittely-2-1-768x960.jpg 768w, https:\/\/laura.kiurut.fi\/laura\/wp-content\/uploads\/2025\/01\/lauran-esittely-2-1.jpg 1021w\" sizes=\"auto, (max-width: 819px) 100vw, 819px\" \/><\/figure>\n<\/div><\/div>\n<\/div>\n<\/div>\n<\/div>\n<\/div>\n<\/div>\n<\/div><\/div>\n\n\n\n<p class=\"has-white-color has-text-color\">Hei, olen Laura. \u2661<\/p>\n\n\n\n<p class=\"has-white-color has-text-color has-link-color wp-elements-342e727d8667c50ed746109479a2e29f\">Kuvien kautta haluan muistuttaa sinua siit\u00e4, miten ihana, kaunis ja yksil\u00f6llinen sin\u00e4 olet! &lt;3<\/p>\n\n\n\n<p class=\"has-white-color has-text-color\">Rakastan valo- ja videokuvaamista ja teen sit\u00e4 t\u00e4ydell\u00e4 syd\u00e4mell\u00e4. Olen kouluttautunut valo- ja videokuvaaja ja olen ty\u00f6skennellyt alalla jo usean vuoden ajan. <\/p>\n\n\n\n<p class=\"has-white-color has-text-color\">Luonteeltani olen pirte\u00e4, kiltti, huomaavainen ja empaattinen. Herkistyn muiden ilosta ja rakastan ty\u00f6t\u00e4ni, jossa p\u00e4\u00e4sen olemaan osa ihmisten t\u00e4rkeimpi\u00e4 p\u00e4ivi\u00e4. Inspiroidun ehdottomasti ihmisist\u00e4, s\u00f6p\u00f6ist\u00e4 yksityiskohdista, ilon hetkist\u00e4, hymyist\u00e4 ja pastellins\u00e4vyist\u00e4.<\/p>\n\n\n\n<p class=\"has-white-color has-text-color\">T\u00e4rkeint\u00e4 kuvaamisessa on ihmisten kohtaaminen ja pyrin luomaan jokaiseen kuvaukseen mahdollisimman rennon ja luontevan tunnelman, jotta sinun olisi hyv\u00e4 olla. Olen ollut my\u00f6s itse paljon kuvattavana ja osaan ohjata sinua niin, ett\u00e4 saadaan ikuistettua sinut parhaimmillasi. Kuvauksissa saa liikkua ja ohjaan usein pieneen liikkeeseen tai hassutteluun.<\/p>\n\n\n\n<p class=\"has-black-color has-text-color\"><\/p>\n\n\n\n<p class=\"has-white-color has-text-color has-link-color wp-elements-0a30e81a1d4d43d7c338dfe41fffef4c\">\u2727 Henkil\u00f6kohtainen tili&nbsp;<a href=\"https:\/\/www.instagram.com\/laurakiuru\/\">@laurakiuru<\/a><\/p>\n\n\n\n<p class=\"has-white-color has-text-color\">\u2727 Ateljee <a href=\"https:\/\/www.instagram.com\/ateljeelaurakiuru\/\">@ateljeelaurakiuru<\/a><\/p>\n\n\n\n<p><\/p>\n\n\n\n<p class=\"has-black-color has-text-color has-link-color wp-elements-9ac00cf961d1ea846fe5a532228b76c6\"><\/p>\n\n\n\n<p class=\"has-white-color has-text-color\">Jos sinulla on jokin kuvaamiseen liittyv\u00e4 idea, niin laita viesti\u00e4 ja innostutaan lis\u00e4\u00e4 yhdess\u00e4. &lt;3<\/p>\n\n\n\n<p class=\"has-text-color\" style=\"color:#ff2705\"><br>&nbsp;laura.kiuru@hotmail.fi<br>\u260f 040 173 3336, Helsinki<\/p>\n\n\n\n<p class=\"has-white-color has-text-color\">\u2661 Laura<\/p>\n\n\n\n<div class=\"wp-block-columns is-layout-flex wp-container-core-columns-is-layout-9d6595d7 wp-block-columns-is-layout-flex\">\n<div class=\"wp-block-column is-layout-flow wp-block-column-is-layout-flow\" style=\"flex-basis:100%\"><\/div>\n<\/div>\n\n\n\n<div class=\"wp-block-columns is-layout-flex wp-container-core-columns-is-layout-9d6595d7 wp-block-columns-is-layout-flex\">\n<div class=\"wp-block-column is-layout-flow wp-block-column-is-layout-flow\"><\/div>\n<\/div>\n","protected":false},"excerpt":{"rendered":"<p>Hei, olen Laura. \u2661 Kuvien kautta haluan muistuttaa sinua siit\u00e4, miten ihana, kaunis ja yksil\u00f6llinen sin\u00e4 olet! &lt;3 Rakastan valo-<\/p>\n<p><span class=\"more-link\"><a href=\"https:\/\/laura.kiurut.fi\/laura\/?page_id=366\" class=\"readmore\">Continue reading<span class=\"screen-reader-text\"><\/span><\/a><\/span><\/p>\n","protected":false},"author":1,"featured_media":0,"parent":0,"menu_order":0,"comment_status":"closed","ping_status":"closed","template":"","meta":{"footnotes":""},"class_list":["post-366","page","type-page","status-publish","hentry"],"yoast_head":"<!-- This site is optimized with the Yoast SEO plugin v27.5 - https:\/\/yoast.com\/product\/yoast-seo-wordpress\/ -->\n<title>- Ateljee Laura Kiuru<\/title>\n<meta name=\"description\" content=\"Rakastan valo- ja videokuvaamista ja teen sit\u00e4 t\u00e4ydell\u00e4 syd\u00e4mell\u00e4. T\u00e4rkeint\u00e4 kuvaamisessa on ihmisten kohtaaminen ja pyrin luomaan jokaiseen kuvaukseen mahdollisimman rennon ja luontevan tunnelman, jotta sinun olisi hyv\u00e4 olla.\" \/>\n<meta name=\"robots\" content=\"index, follow, max-snippet:-1, max-image-preview:large, max-video-preview:-1\" \/>\n<link rel=\"canonical\" href=\"https:\/\/laura.kiurut.fi\/laura\/?page_id=366\" \/>\n<meta property=\"og:locale\" content=\"en_US\" \/>\n<meta property=\"og:type\" content=\"article\" \/>\n<meta property=\"og:title\" content=\"- Ateljee Laura Kiuru\" \/>\n<meta property=\"og:description\" content=\"Rakastan valo- ja videokuvaamista ja teen sit\u00e4 t\u00e4ydell\u00e4 syd\u00e4mell\u00e4. T\u00e4rkeint\u00e4 kuvaamisessa on ihmisten kohtaaminen ja pyrin luomaan jokaiseen kuvaukseen mahdollisimman rennon ja luontevan tunnelman, jotta sinun olisi hyv\u00e4 olla.\" \/>\n<meta property=\"og:url\" content=\"https:\/\/laura.kiurut.fi\/laura\/?page_id=366\" \/>\n<meta property=\"og:site_name\" content=\"Ateljee Laura Kiuru\" \/>\n<meta property=\"article:modified_time\" content=\"2025-01-24T14:54:51+00:00\" \/>\n<meta property=\"og:image\" content=\"https:\/\/laura.kiurut.fi\/laura\/wp-content\/uploads\/2025\/01\/lauran-esittely-2-1.jpg\" \/>\n\t<meta property=\"og:image:width\" content=\"1021\" \/>\n\t<meta property=\"og:image:height\" content=\"1276\" \/>\n\t<meta property=\"og:image:type\" content=\"image\/jpeg\" \/>\n<meta name=\"twitter:card\" content=\"summary_large_image\" \/>\n<meta name=\"twitter:label1\" content=\"Est. reading time\" \/>\n\t<meta name=\"twitter:data1\" content=\"2 minutes\" \/>\n<script type=\"application\/ld+json\" class=\"yoast-schema-graph\">{\"@context\":\"https:\\\/\\\/schema.org\",\"@graph\":[{\"@type\":\"WebPage\",\"@id\":\"https:\\\/\\\/laura.kiurut.fi\\\/laura\\\/?page_id=366\",\"url\":\"https:\\\/\\\/laura.kiurut.fi\\\/laura\\\/?page_id=366\",\"name\":\"- Ateljee Laura Kiuru\",\"isPartOf\":{\"@id\":\"https:\\\/\\\/laura.kiurut.fi\\\/laura\\\/#website\"},\"primaryImageOfPage\":{\"@id\":\"https:\\\/\\\/laura.kiurut.fi\\\/laura\\\/?page_id=366#primaryimage\"},\"image\":{\"@id\":\"https:\\\/\\\/laura.kiurut.fi\\\/laura\\\/?page_id=366#primaryimage\"},\"thumbnailUrl\":\"https:\\\/\\\/laura.kiurut.fi\\\/laura\\\/wp-content\\\/uploads\\\/2025\\\/01\\\/lauran-esittely-2-1-819x1024.jpg\",\"datePublished\":\"2020-05-26T14:30:22+00:00\",\"dateModified\":\"2025-01-24T14:54:51+00:00\",\"description\":\"Rakastan valo- ja videokuvaamista ja teen sit\u00e4 t\u00e4ydell\u00e4 syd\u00e4mell\u00e4. T\u00e4rkeint\u00e4 kuvaamisessa on ihmisten kohtaaminen ja pyrin luomaan jokaiseen kuvaukseen mahdollisimman rennon ja luontevan tunnelman, jotta sinun olisi hyv\u00e4 olla.\",\"inLanguage\":\"en-US\",\"potentialAction\":[{\"@type\":\"ReadAction\",\"target\":[\"https:\\\/\\\/laura.kiurut.fi\\\/laura\\\/?page_id=366\"]}]},{\"@type\":\"ImageObject\",\"inLanguage\":\"en-US\",\"@id\":\"https:\\\/\\\/laura.kiurut.fi\\\/laura\\\/?page_id=366#primaryimage\",\"url\":\"https:\\\/\\\/laura.kiurut.fi\\\/laura\\\/wp-content\\\/uploads\\\/2025\\\/01\\\/lauran-esittely-2-1.jpg\",\"contentUrl\":\"https:\\\/\\\/laura.kiurut.fi\\\/laura\\\/wp-content\\\/uploads\\\/2025\\\/01\\\/lauran-esittely-2-1.jpg\",\"width\":1021,\"height\":1276},{\"@type\":\"WebSite\",\"@id\":\"https:\\\/\\\/laura.kiurut.fi\\\/laura\\\/#website\",\"url\":\"https:\\\/\\\/laura.kiurut.fi\\\/laura\\\/\",\"name\":\"Ateljee Laura Kiuru\",\"description\":\"Vuokraa tai tule kuvattavaksi &lt;3\",\"potentialAction\":[{\"@type\":\"SearchAction\",\"target\":{\"@type\":\"EntryPoint\",\"urlTemplate\":\"https:\\\/\\\/laura.kiurut.fi\\\/laura\\\/?s={search_term_string}\"},\"query-input\":{\"@type\":\"PropertyValueSpecification\",\"valueRequired\":true,\"valueName\":\"search_term_string\"}}],\"inLanguage\":\"en-US\"}]}<\/script>\n<!-- \/ Yoast SEO plugin. -->","yoast_head_json":{"title":"- Ateljee Laura Kiuru","description":"Rakastan valo- ja videokuvaamista ja teen sit\u00e4 t\u00e4ydell\u00e4 syd\u00e4mell\u00e4. T\u00e4rkeint\u00e4 kuvaamisessa on ihmisten kohtaaminen ja pyrin luomaan jokaiseen kuvaukseen mahdollisimman rennon ja luontevan tunnelman, jotta sinun olisi hyv\u00e4 olla.","robots":{"index":"index","follow":"follow","max-snippet":"max-snippet:-1","max-image-preview":"max-image-preview:large","max-video-preview":"max-video-preview:-1"},"canonical":"https:\/\/laura.kiurut.fi\/laura\/?page_id=366","og_locale":"en_US","og_type":"article","og_title":"- Ateljee Laura Kiuru","og_description":"Rakastan valo- ja videokuvaamista ja teen sit\u00e4 t\u00e4ydell\u00e4 syd\u00e4mell\u00e4. T\u00e4rkeint\u00e4 kuvaamisessa on ihmisten kohtaaminen ja pyrin luomaan jokaiseen kuvaukseen mahdollisimman rennon ja luontevan tunnelman, jotta sinun olisi hyv\u00e4 olla.","og_url":"https:\/\/laura.kiurut.fi\/laura\/?page_id=366","og_site_name":"Ateljee Laura Kiuru","article_modified_time":"2025-01-24T14:54:51+00:00","og_image":[{"width":1021,"height":1276,"url":"https:\/\/laura.kiurut.fi\/laura\/wp-content\/uploads\/2025\/01\/lauran-esittely-2-1.jpg","type":"image\/jpeg"}],"twitter_card":"summary_large_image","twitter_misc":{"Est. reading time":"2 minutes"},"schema":{"@context":"https:\/\/schema.org","@graph":[{"@type":"WebPage","@id":"https:\/\/laura.kiurut.fi\/laura\/?page_id=366","url":"https:\/\/laura.kiurut.fi\/laura\/?page_id=366","name":"- Ateljee Laura Kiuru","isPartOf":{"@id":"https:\/\/laura.kiurut.fi\/laura\/#website"},"primaryImageOfPage":{"@id":"https:\/\/laura.kiurut.fi\/laura\/?page_id=366#primaryimage"},"image":{"@id":"https:\/\/laura.kiurut.fi\/laura\/?page_id=366#primaryimage"},"thumbnailUrl":"https:\/\/laura.kiurut.fi\/laura\/wp-content\/uploads\/2025\/01\/lauran-esittely-2-1-819x1024.jpg","datePublished":"2020-05-26T14:30:22+00:00","dateModified":"2025-01-24T14:54:51+00:00","description":"Rakastan valo- ja videokuvaamista ja teen sit\u00e4 t\u00e4ydell\u00e4 syd\u00e4mell\u00e4. T\u00e4rkeint\u00e4 kuvaamisessa on ihmisten kohtaaminen ja pyrin luomaan jokaiseen kuvaukseen mahdollisimman rennon ja luontevan tunnelman, jotta sinun olisi hyv\u00e4 olla.","inLanguage":"en-US","potentialAction":[{"@type":"ReadAction","target":["https:\/\/laura.kiurut.fi\/laura\/?page_id=366"]}]},{"@type":"ImageObject","inLanguage":"en-US","@id":"https:\/\/laura.kiurut.fi\/laura\/?page_id=366#primaryimage","url":"https:\/\/laura.kiurut.fi\/laura\/wp-content\/uploads\/2025\/01\/lauran-esittely-2-1.jpg","contentUrl":"https:\/\/laura.kiurut.fi\/laura\/wp-content\/uploads\/2025\/01\/lauran-esittely-2-1.jpg","width":1021,"height":1276},{"@type":"WebSite","@id":"https:\/\/laura.kiurut.fi\/laura\/#website","url":"https:\/\/laura.kiurut.fi\/laura\/","name":"Ateljee Laura Kiuru","description":"Vuokraa tai tule kuvattavaksi &lt;3","potentialAction":[{"@type":"SearchAction","target":{"@type":"EntryPoint","urlTemplate":"https:\/\/laura.kiurut.fi\/laura\/?s={search_term_string}"},"query-input":{"@type":"PropertyValueSpecification","valueRequired":true,"valueName":"search_term_string"}}],"inLanguage":"en-US"}]}},"_links":{"self":[{"href":"https:\/\/laura.kiurut.fi\/laura\/index.php?rest_route=\/wp\/v2\/pages\/366","targetHints":{"allow":["GET"]}}],"collection":[{"href":"https:\/\/laura.kiurut.fi\/laura\/index.php?rest_route=\/wp\/v2\/pages"}],"about":[{"href":"https:\/\/laura.kiurut.fi\/laura\/index.php?rest_route=\/wp\/v2\/types\/page"}],"author":[{"embeddable":true,"href":"https:\/\/laura.kiurut.fi\/laura\/index.php?rest_route=\/wp\/v2\/users\/1"}],"replies":[{"embeddable":true,"href":"https:\/\/laura.kiurut.fi\/laura\/index.php?rest_route=%2Fwp%2Fv2%2Fcomments&post=366"}],"version-history":[{"count":25,"href":"https:\/\/laura.kiurut.fi\/laura\/index.php?rest_route=\/wp\/v2\/pages\/366\/revisions"}],"predecessor-version":[{"id":1936,"href":"https:\/\/laura.kiurut.fi\/laura\/index.php?rest_route=\/wp\/v2\/pages\/366\/revisions\/1936"}],"wp:attachment":[{"href":"https:\/\/laura.kiurut.fi\/laura\/index.php?rest_route=%2Fwp%2Fv2%2Fmedia&parent=366"}],"curies":[{"name":"wp","href":"https:\/\/api.w.org\/{rel}","templated":true}]}}