{"id":22,"date":"2020-02-11T21:16:41","date_gmt":"2020-02-11T19:16:41","guid":{"rendered":"http:\/\/lauri.kiurut.fi\/wordpress\/?page_id=22"},"modified":"2025-01-24T15:59:23","modified_gmt":"2025-01-24T15:59:23","slug":"the-new-umoma-opens-its-doors-2","status":"publish","type":"page","link":"https:\/\/laura.kiurut.fi\/laura\/","title":{"rendered":""},"content":{"rendered":"\n<div class=\"wp-block-columns is-layout-flex wp-container-core-columns-is-layout-9d6595d7 wp-block-columns-is-layout-flex\">\n<div class=\"wp-block-column has-black-color has-text-color is-layout-flow wp-block-column-is-layout-flow\">\n<div class=\"wp-block-columns is-layout-flex wp-container-core-columns-is-layout-9d6595d7 wp-block-columns-is-layout-flex\">\n<div class=\"wp-block-column is-layout-flow wp-block-column-is-layout-flow\" style=\"flex-basis:66.66%\">\n<h2 class=\"wp-block-heading has-white-color has-text-color\">VUOKRAA TAI TULE KUVATTAVAKSI &lt;3<\/h2>\n<\/div>\n<\/div>\n<\/div>\n<\/div>\n\n\n\n<p class=\"has-white-color has-text-color\">Suloinen vaaleanpunainen Ateljeeni sijaitsee Etu-T\u00f6\u00f6l\u00f6ss\u00e4 Runeberginkatu 33:ssa, aivan Kampin kulkuyhteyksien vieress\u00e4. Olet tervetullut kuvaamaan Ateljeehen uudet lempikuvasi joko itse tai minun kanssani. &lt;3<\/p>\n\n\n\n<p class=\"has-white-color has-text-color\">&lt;3:ll\u00e4 Laura<\/p>\n\n\n\n<p class=\"has-black-color has-text-color\"><a href=\"https:\/\/laura.kiurut.fi\/laura\/?page_id=1648\">VARAA ATELJEE T\u00c4ST\u00c4<\/a><\/p>\n\n\n\n<div class=\"wp-block-group\"><div class=\"wp-block-group__inner-container is-layout-constrained wp-block-group-is-layout-constrained\">\n<div class=\"wp-block-group is-vertical is-layout-flex wp-container-core-group-is-layout-8cf370e7 wp-block-group-is-layout-flex\">\n<div class=\"wp-block-group is-vertical is-layout-flex wp-container-core-group-is-layout-8cf370e7 wp-block-group-is-layout-flex\">\n<p class=\"has-white-color has-text-color has-link-color wp-elements-05166eacf0bafcdd7014c4cbd334cfe7\">ATELJEE LAURA KIURU<\/p>\n\n\n\n<div class=\"wp-block-group has-black-color has-text-color has-link-color wp-elements-b849d39e39103da58475770c2383ab65\"><div class=\"wp-block-group__inner-container is-layout-constrained wp-block-group-is-layout-constrained\">\n<div class=\"wp-block-group is-vertical is-layout-flex wp-container-core-group-is-layout-8cf370e7 wp-block-group-is-layout-flex\">\n<p class=\"has-text-color\" style=\"color:#ff2705\">Runeberginkatu 33 <\/p>\n\n\n\n<p class=\"has-text-color\" style=\"color:#ff2705\">laura.kiuru@hotmail.fi<br>\u260f 040 173 3336<\/p>\n<\/div>\n<\/div><\/div>\n<\/div>\n\n\n\n\n\n<div class=\"wp-block-columns is-layout-flex wp-container-core-columns-is-layout-9d6595d7 wp-block-columns-is-layout-flex\">\n<div class=\"wp-block-column is-layout-flow wp-block-column-is-layout-flow\">\n<figure class=\"wp-block-image size-large\"><img loading=\"lazy\" decoding=\"async\" width=\"683\" height=\"1024\" src=\"https:\/\/laura.kiurut.fi\/laura\/wp-content\/uploads\/2025\/01\/7R4A5900-2-683x1024.jpg\" alt=\"\" class=\"wp-image-1942\" srcset=\"https:\/\/laura.kiurut.fi\/laura\/wp-content\/uploads\/2025\/01\/7R4A5900-2-683x1024.jpg 683w, https:\/\/laura.kiurut.fi\/laura\/wp-content\/uploads\/2025\/01\/7R4A5900-2-200x300.jpg 200w, https:\/\/laura.kiurut.fi\/laura\/wp-content\/uploads\/2025\/01\/7R4A5900-2-768x1152.jpg 768w, https:\/\/laura.kiurut.fi\/laura\/wp-content\/uploads\/2025\/01\/7R4A5900-2-1024x1536.jpg 1024w, https:\/\/laura.kiurut.fi\/laura\/wp-content\/uploads\/2025\/01\/7R4A5900-2.jpg 1365w\" sizes=\"auto, (max-width: 683px) 100vw, 683px\" \/><\/figure>\n<\/div>\n\n\n\n<div class=\"wp-block-column is-layout-flow wp-block-column-is-layout-flow\">\n<figure class=\"wp-block-image size-large\"><img loading=\"lazy\" decoding=\"async\" width=\"683\" height=\"1024\" src=\"https:\/\/laura.kiurut.fi\/laura\/wp-content\/uploads\/2025\/01\/7R4A5724-4-683x1024.jpg\" alt=\"\" class=\"wp-image-1940\" srcset=\"https:\/\/laura.kiurut.fi\/laura\/wp-content\/uploads\/2025\/01\/7R4A5724-4-683x1024.jpg 683w, https:\/\/laura.kiurut.fi\/laura\/wp-content\/uploads\/2025\/01\/7R4A5724-4-200x300.jpg 200w, https:\/\/laura.kiurut.fi\/laura\/wp-content\/uploads\/2025\/01\/7R4A5724-4-768x1152.jpg 768w, https:\/\/laura.kiurut.fi\/laura\/wp-content\/uploads\/2025\/01\/7R4A5724-4-1024x1536.jpg 1024w, https:\/\/laura.kiurut.fi\/laura\/wp-content\/uploads\/2025\/01\/7R4A5724-4.jpg 1365w\" sizes=\"auto, (max-width: 683px) 100vw, 683px\" \/><\/figure>\n<\/div>\n\n\n\n<div class=\"wp-block-column is-layout-flow wp-block-column-is-layout-flow\">\n<figure class=\"wp-block-image size-large\"><img loading=\"lazy\" decoding=\"async\" width=\"683\" height=\"1024\" src=\"https:\/\/laura.kiurut.fi\/laura\/wp-content\/uploads\/2025\/01\/7R4A5739-2-683x1024.jpg\" alt=\"\" class=\"wp-image-1943\" srcset=\"https:\/\/laura.kiurut.fi\/laura\/wp-content\/uploads\/2025\/01\/7R4A5739-2-683x1024.jpg 683w, https:\/\/laura.kiurut.fi\/laura\/wp-content\/uploads\/2025\/01\/7R4A5739-2-200x300.jpg 200w, https:\/\/laura.kiurut.fi\/laura\/wp-content\/uploads\/2025\/01\/7R4A5739-2-768x1152.jpg 768w, https:\/\/laura.kiurut.fi\/laura\/wp-content\/uploads\/2025\/01\/7R4A5739-2-1024x1536.jpg 1024w, https:\/\/laura.kiurut.fi\/laura\/wp-content\/uploads\/2025\/01\/7R4A5739-2.jpg 1365w\" sizes=\"auto, (max-width: 683px) 100vw, 683px\" \/><\/figure>\n<\/div>\n<\/div>\n\n\n\n<p class=\"has-black-color has-text-color\"><\/p>\n<\/div>\n<\/div><\/div>\n\n\n\n<div class=\"wp-block-columns is-layout-flex wp-container-core-columns-is-layout-9d6595d7 wp-block-columns-is-layout-flex\">\n<div class=\"wp-block-column is-layout-flow wp-block-column-is-layout-flow\" style=\"flex-basis:100%\">\n<div class=\"wp-block-columns is-layout-flex wp-container-core-columns-is-layout-9d6595d7 wp-block-columns-is-layout-flex\">\n<div class=\"wp-block-column is-layout-flow wp-block-column-is-layout-flow\">\n<figure class=\"wp-block-image size-large\"><img loading=\"lazy\" decoding=\"async\" width=\"683\" height=\"1024\" src=\"https:\/\/laura.kiurut.fi\/laura\/wp-content\/uploads\/2025\/01\/7R4A5540-3-683x1024.jpg\" alt=\"\" class=\"wp-image-1948\" srcset=\"https:\/\/laura.kiurut.fi\/laura\/wp-content\/uploads\/2025\/01\/7R4A5540-3-683x1024.jpg 683w, https:\/\/laura.kiurut.fi\/laura\/wp-content\/uploads\/2025\/01\/7R4A5540-3-200x300.jpg 200w, https:\/\/laura.kiurut.fi\/laura\/wp-content\/uploads\/2025\/01\/7R4A5540-3-768x1152.jpg 768w, https:\/\/laura.kiurut.fi\/laura\/wp-content\/uploads\/2025\/01\/7R4A5540-3-1024x1536.jpg 1024w, https:\/\/laura.kiurut.fi\/laura\/wp-content\/uploads\/2025\/01\/7R4A5540-3.jpg 1365w\" sizes=\"auto, (max-width: 683px) 100vw, 683px\" \/><\/figure>\n<\/div>\n\n\n\n<div class=\"wp-block-column is-layout-flow wp-block-column-is-layout-flow\">\n<figure class=\"wp-block-image size-large\"><img loading=\"lazy\" decoding=\"async\" width=\"683\" height=\"1024\" src=\"https:\/\/laura.kiurut.fi\/laura\/wp-content\/uploads\/2025\/01\/7R4A5853-2-1-683x1024.jpg\" alt=\"\" class=\"wp-image-1949\" srcset=\"https:\/\/laura.kiurut.fi\/laura\/wp-content\/uploads\/2025\/01\/7R4A5853-2-1-683x1024.jpg 683w, https:\/\/laura.kiurut.fi\/laura\/wp-content\/uploads\/2025\/01\/7R4A5853-2-1-200x300.jpg 200w, https:\/\/laura.kiurut.fi\/laura\/wp-content\/uploads\/2025\/01\/7R4A5853-2-1-768x1152.jpg 768w, https:\/\/laura.kiurut.fi\/laura\/wp-content\/uploads\/2025\/01\/7R4A5853-2-1-1024x1536.jpg 1024w, https:\/\/laura.kiurut.fi\/laura\/wp-content\/uploads\/2025\/01\/7R4A5853-2-1.jpg 1365w\" sizes=\"auto, (max-width: 683px) 100vw, 683px\" \/><\/figure>\n<\/div>\n\n\n\n<div class=\"wp-block-column is-layout-flow wp-block-column-is-layout-flow\">\n<figure class=\"wp-block-image size-large\"><img loading=\"lazy\" decoding=\"async\" width=\"683\" height=\"1024\" src=\"https:\/\/laura.kiurut.fi\/laura\/wp-content\/uploads\/2025\/01\/7R4A5690-2-683x1024.jpg\" alt=\"\" class=\"wp-image-1951\" srcset=\"https:\/\/laura.kiurut.fi\/laura\/wp-content\/uploads\/2025\/01\/7R4A5690-2-683x1024.jpg 683w, https:\/\/laura.kiurut.fi\/laura\/wp-content\/uploads\/2025\/01\/7R4A5690-2-200x300.jpg 200w, https:\/\/laura.kiurut.fi\/laura\/wp-content\/uploads\/2025\/01\/7R4A5690-2-768x1152.jpg 768w, https:\/\/laura.kiurut.fi\/laura\/wp-content\/uploads\/2025\/01\/7R4A5690-2-1024x1536.jpg 1024w, https:\/\/laura.kiurut.fi\/laura\/wp-content\/uploads\/2025\/01\/7R4A5690-2.jpg 1365w\" sizes=\"auto, (max-width: 683px) 100vw, 683px\" \/><\/figure>\n<\/div>\n<\/div>\n<\/div>\n<\/div>\n\n\n\n<div class=\"wp-block-group is-vertical is-layout-flex wp-container-core-group-is-layout-8cf370e7 wp-block-group-is-layout-flex\">\n<p>Kuvissa mallina Viola Tyynil\u00e4 <\/p>\n\n\n\n<p>Kuvat on ottanut Laura Kiuru<\/p>\n<\/div>\n\n\n\n<p class=\"has-white-color has-text-color\"><\/p>\n\n\n\n<div class=\"wp-block-group is-vertical is-layout-flex wp-container-core-group-is-layout-8cf370e7 wp-block-group-is-layout-flex\">\n<p class=\"has-text-color\" style=\"color:#ff2705\">Runeberginkatu 33<\/p>\n\n\n\n<p class=\"has-text-color\" style=\"color:#ff2705\">laura.kiuru@hotmail.fi<br>\u260f 040 173 3336<\/p>\n<\/div>\n","protected":false},"excerpt":{"rendered":"<p>VUOKRAA TAI TULE KUVATTAVAKSI &lt;3 Suloinen vaaleanpunainen Ateljeeni sijaitsee Etu-T\u00f6\u00f6l\u00f6ss\u00e4 Runeberginkatu 33:ssa, aivan Kampin kulkuyhteyksien vieress\u00e4. Olet tervetullut kuvaamaan Ateljeehen<\/p>\n<p><span class=\"more-link\"><a href=\"https:\/\/laura.kiurut.fi\/laura\/\" class=\"readmore\">Continue reading<span class=\"screen-reader-text\"><\/span><\/a><\/span><\/p>\n","protected":false},"author":1,"featured_media":21,"parent":0,"menu_order":0,"comment_status":"closed","ping_status":"closed","template":"","meta":{"footnotes":""},"class_list":["post-22","page","type-page","status-publish","has-post-thumbnail","hentry"],"yoast_head":"<!-- This site is optimized with the Yoast SEO plugin v27.5 - https:\/\/yoast.com\/product\/yoast-seo-wordpress\/ -->\n<title>- Ateljee Laura Kiuru<\/title>\n<meta name=\"description\" content=\"Kuvat kertovat enemm\u00e4n kuin tuhat sanaa ja video kertoo viel\u00e4 sit\u00e4kin enemm\u00e4n. Minun teht\u00e4v\u00e4ni on koskettaa teit\u00e4 kauniiden kuvien ja videoiden muodossa.\" \/>\n<meta name=\"robots\" content=\"index, follow, max-snippet:-1, max-image-preview:large, max-video-preview:-1\" \/>\n<link rel=\"canonical\" href=\"https:\/\/laura.kiurut.fi\/laura\/\" \/>\n<meta property=\"og:locale\" content=\"en_US\" \/>\n<meta property=\"og:type\" content=\"article\" \/>\n<meta property=\"og:title\" content=\"- Ateljee Laura Kiuru\" \/>\n<meta property=\"og:description\" content=\"Kuvat kertovat enemm\u00e4n kuin tuhat sanaa ja video kertoo viel\u00e4 sit\u00e4kin enemm\u00e4n. Minun teht\u00e4v\u00e4ni on koskettaa teit\u00e4 kauniiden kuvien ja videoiden muodossa.\" \/>\n<meta property=\"og:url\" content=\"https:\/\/laura.kiurut.fi\/laura\/\" \/>\n<meta property=\"og:site_name\" content=\"Ateljee Laura Kiuru\" \/>\n<meta property=\"article:modified_time\" content=\"2025-01-24T15:59:23+00:00\" \/>\n<meta property=\"og:image\" content=\"https:\/\/laura.kiurut.fi\/laura\/wp-content\/uploads\/2020\/02\/2020-landscape-1-2.png\" \/>\n\t<meta property=\"og:image:width\" content=\"1200\" \/>\n\t<meta property=\"og:image:height\" content=\"769\" \/>\n\t<meta property=\"og:image:type\" content=\"image\/png\" \/>\n<meta name=\"twitter:card\" content=\"summary_large_image\" \/>\n<meta name=\"twitter:label1\" content=\"Est. reading time\" \/>\n\t<meta name=\"twitter:data1\" content=\"2 minutes\" \/>\n<script type=\"application\/ld+json\" class=\"yoast-schema-graph\">{\"@context\":\"https:\\\/\\\/schema.org\",\"@graph\":[{\"@type\":\"WebPage\",\"@id\":\"https:\\\/\\\/laura.kiurut.fi\\\/laura\\\/\",\"url\":\"https:\\\/\\\/laura.kiurut.fi\\\/laura\\\/\",\"name\":\"- Ateljee Laura Kiuru\",\"isPartOf\":{\"@id\":\"https:\\\/\\\/laura.kiurut.fi\\\/laura\\\/#website\"},\"primaryImageOfPage\":{\"@id\":\"https:\\\/\\\/laura.kiurut.fi\\\/laura\\\/#primaryimage\"},\"image\":{\"@id\":\"https:\\\/\\\/laura.kiurut.fi\\\/laura\\\/#primaryimage\"},\"thumbnailUrl\":\"https:\\\/\\\/laura.kiurut.fi\\\/laura\\\/wp-content\\\/uploads\\\/2020\\\/02\\\/2020-landscape-1-2.png\",\"datePublished\":\"2020-02-11T19:16:41+00:00\",\"dateModified\":\"2025-01-24T15:59:23+00:00\",\"description\":\"Kuvat kertovat enemm\u00e4n kuin tuhat sanaa ja video kertoo viel\u00e4 sit\u00e4kin enemm\u00e4n. Minun teht\u00e4v\u00e4ni on koskettaa teit\u00e4 kauniiden kuvien ja videoiden muodossa.\",\"inLanguage\":\"en-US\",\"potentialAction\":[{\"@type\":\"ReadAction\",\"target\":[\"https:\\\/\\\/laura.kiurut.fi\\\/laura\\\/\"]}]},{\"@type\":\"ImageObject\",\"inLanguage\":\"en-US\",\"@id\":\"https:\\\/\\\/laura.kiurut.fi\\\/laura\\\/#primaryimage\",\"url\":\"https:\\\/\\\/laura.kiurut.fi\\\/laura\\\/wp-content\\\/uploads\\\/2020\\\/02\\\/2020-landscape-1-2.png\",\"contentUrl\":\"https:\\\/\\\/laura.kiurut.fi\\\/laura\\\/wp-content\\\/uploads\\\/2020\\\/02\\\/2020-landscape-1-2.png\",\"width\":1200,\"height\":769},{\"@type\":\"WebSite\",\"@id\":\"https:\\\/\\\/laura.kiurut.fi\\\/laura\\\/#website\",\"url\":\"https:\\\/\\\/laura.kiurut.fi\\\/laura\\\/\",\"name\":\"Ateljee Laura Kiuru\",\"description\":\"Vuokraa tai tule kuvattavaksi &lt;3\",\"potentialAction\":[{\"@type\":\"SearchAction\",\"target\":{\"@type\":\"EntryPoint\",\"urlTemplate\":\"https:\\\/\\\/laura.kiurut.fi\\\/laura\\\/?s={search_term_string}\"},\"query-input\":{\"@type\":\"PropertyValueSpecification\",\"valueRequired\":true,\"valueName\":\"search_term_string\"}}],\"inLanguage\":\"en-US\"}]}<\/script>\n<!-- \/ Yoast SEO plugin. -->","yoast_head_json":{"title":"- Ateljee Laura Kiuru","description":"Kuvat kertovat enemm\u00e4n kuin tuhat sanaa ja video kertoo viel\u00e4 sit\u00e4kin enemm\u00e4n. Minun teht\u00e4v\u00e4ni on koskettaa teit\u00e4 kauniiden kuvien ja videoiden muodossa.","robots":{"index":"index","follow":"follow","max-snippet":"max-snippet:-1","max-image-preview":"max-image-preview:large","max-video-preview":"max-video-preview:-1"},"canonical":"https:\/\/laura.kiurut.fi\/laura\/","og_locale":"en_US","og_type":"article","og_title":"- Ateljee Laura Kiuru","og_description":"Kuvat kertovat enemm\u00e4n kuin tuhat sanaa ja video kertoo viel\u00e4 sit\u00e4kin enemm\u00e4n. Minun teht\u00e4v\u00e4ni on koskettaa teit\u00e4 kauniiden kuvien ja videoiden muodossa.","og_url":"https:\/\/laura.kiurut.fi\/laura\/","og_site_name":"Ateljee Laura Kiuru","article_modified_time":"2025-01-24T15:59:23+00:00","og_image":[{"width":1200,"height":769,"url":"https:\/\/laura.kiurut.fi\/laura\/wp-content\/uploads\/2020\/02\/2020-landscape-1-2.png","type":"image\/png"}],"twitter_card":"summary_large_image","twitter_misc":{"Est. reading time":"2 minutes"},"schema":{"@context":"https:\/\/schema.org","@graph":[{"@type":"WebPage","@id":"https:\/\/laura.kiurut.fi\/laura\/","url":"https:\/\/laura.kiurut.fi\/laura\/","name":"- Ateljee Laura Kiuru","isPartOf":{"@id":"https:\/\/laura.kiurut.fi\/laura\/#website"},"primaryImageOfPage":{"@id":"https:\/\/laura.kiurut.fi\/laura\/#primaryimage"},"image":{"@id":"https:\/\/laura.kiurut.fi\/laura\/#primaryimage"},"thumbnailUrl":"https:\/\/laura.kiurut.fi\/laura\/wp-content\/uploads\/2020\/02\/2020-landscape-1-2.png","datePublished":"2020-02-11T19:16:41+00:00","dateModified":"2025-01-24T15:59:23+00:00","description":"Kuvat kertovat enemm\u00e4n kuin tuhat sanaa ja video kertoo viel\u00e4 sit\u00e4kin enemm\u00e4n. Minun teht\u00e4v\u00e4ni on koskettaa teit\u00e4 kauniiden kuvien ja videoiden muodossa.","inLanguage":"en-US","potentialAction":[{"@type":"ReadAction","target":["https:\/\/laura.kiurut.fi\/laura\/"]}]},{"@type":"ImageObject","inLanguage":"en-US","@id":"https:\/\/laura.kiurut.fi\/laura\/#primaryimage","url":"https:\/\/laura.kiurut.fi\/laura\/wp-content\/uploads\/2020\/02\/2020-landscape-1-2.png","contentUrl":"https:\/\/laura.kiurut.fi\/laura\/wp-content\/uploads\/2020\/02\/2020-landscape-1-2.png","width":1200,"height":769},{"@type":"WebSite","@id":"https:\/\/laura.kiurut.fi\/laura\/#website","url":"https:\/\/laura.kiurut.fi\/laura\/","name":"Ateljee Laura Kiuru","description":"Vuokraa tai tule kuvattavaksi &lt;3","potentialAction":[{"@type":"SearchAction","target":{"@type":"EntryPoint","urlTemplate":"https:\/\/laura.kiurut.fi\/laura\/?s={search_term_string}"},"query-input":{"@type":"PropertyValueSpecification","valueRequired":true,"valueName":"search_term_string"}}],"inLanguage":"en-US"}]}},"_links":{"self":[{"href":"https:\/\/laura.kiurut.fi\/laura\/index.php?rest_route=\/wp\/v2\/pages\/22","targetHints":{"allow":["GET"]}}],"collection":[{"href":"https:\/\/laura.kiurut.fi\/laura\/index.php?rest_route=\/wp\/v2\/pages"}],"about":[{"href":"https:\/\/laura.kiurut.fi\/laura\/index.php?rest_route=\/wp\/v2\/types\/page"}],"author":[{"embeddable":true,"href":"https:\/\/laura.kiurut.fi\/laura\/index.php?rest_route=\/wp\/v2\/users\/1"}],"replies":[{"embeddable":true,"href":"https:\/\/laura.kiurut.fi\/laura\/index.php?rest_route=%2Fwp%2Fv2%2Fcomments&post=22"}],"version-history":[{"count":47,"href":"https:\/\/laura.kiurut.fi\/laura\/index.php?rest_route=\/wp\/v2\/pages\/22\/revisions"}],"predecessor-version":[{"id":1971,"href":"https:\/\/laura.kiurut.fi\/laura\/index.php?rest_route=\/wp\/v2\/pages\/22\/revisions\/1971"}],"wp:featuredmedia":[{"embeddable":true,"href":"https:\/\/laura.kiurut.fi\/laura\/index.php?rest_route=\/wp\/v2\/media\/21"}],"wp:attachment":[{"href":"https:\/\/laura.kiurut.fi\/laura\/index.php?rest_route=%2Fwp%2Fv2%2Fmedia&parent=22"}],"curies":[{"name":"wp","href":"https:\/\/api.w.org\/{rel}","templated":true}]}}